{"id":6590,"date":"2023-11-17T18:01:02","date_gmt":"2023-11-17T18:01:02","guid":{"rendered":"https:\/\/vidrierasantos.com\/es\/?page_id=6590"},"modified":"2024-03-12T14:49:02","modified_gmt":"2024-03-12T14:49:02","slug":"nuestros-productos","status":"publish","type":"page","link":"https:\/\/vidrierasantos.com\/es\/nuestros-productos\/","title":{"rendered":"Nuestros Productos"},"content":{"rendered":"\t\t<div data-elementor-type=\"wp-page\" data-elementor-id=\"6590\" class=\"elementor elementor-6590\">\n\t\t\t\t\t\t<div class=\"elementor-section elementor-top-section elementor-element elementor-element-3ad36d8 elementor-section-content-top elementor-section-stretched vs-categorias-inicio elementor-section-boxed elementor-section-height-default elementor-section-height-default\" data-id=\"3ad36d8\" data-element_type=\"section\" data-settings=\"{&quot;stretch_section&quot;:&quot;section-stretched&quot;}\">\n\t\t\t\t\t\t<div class=\"elementor-container elementor-column-gap-wider\">\n\t\t\t\t\t<div class=\"elementor-column elementor-col-25 elementor-top-column elementor-element elementor-element-ad1a597\" data-id=\"ad1a597\" data-element_type=\"column\">\n\t\t\t<div class=\"elementor-widget-wrap elementor-element-populated\">\n\t\t\t\t\t\t<div class=\"elementor-element elementor-element-1e968a9 ini-linea-ins elementor-widget elementor-widget-ts-product-categories\" data-id=\"1e968a9\" data-element_type=\"widget\" data-widget_type=\"ts-product-categories.default\">\n\t\t\t\t<div class=\"elementor-widget-container\">\n\t\t\t\t\t\t<div class=\"ts-product-category-wrapper ts-product ts-shortcode woocommerce columns-1 grid\" >\n\t\t\t\n\t\t\t\t\t\t\t\t\n\t\t\t\t<div class=\"content-wrapper \">\n\t\t\t\t\t<div class=\"products\"><section class=\"product-category product first\">\n\t\n\t<div class=\"product-wrapper\">\n\n\t\t\t\t\n\t\t<a href=\"https:\/\/vidrierasantos.com\/es\/product-category\/linea-beber\/\">\n\t\t\t<img fetchpriority=\"high\" decoding=\"async\" src=\"https:\/\/vidrierasantos.com\/es\/wp-content\/uploads\/2023\/06\/cat2.jpg\" alt=\"L\u00ednea Beber\" width=\"600\" height=\"600\" srcset=\"https:\/\/vidrierasantos.com\/es\/wp-content\/uploads\/2023\/06\/cat2.jpg 564w, https:\/\/vidrierasantos.com\/es\/wp-content\/uploads\/2023\/06\/cat2-242x300.jpg 242w, https:\/\/vidrierasantos.com\/es\/wp-content\/uploads\/2023\/06\/cat2-73x90.jpg 73w\" sizes=\"(max-width: 564px) 100vw, 564px\" \/>\t\t<\/a>\n\t\t\n\t\t<div class=\"meta-wrapper\">\n\t\t\t<div class=\"category-name\">\n                <span class=\"count\" style=\"border-top: 7px solid #3dae48;width:50% !important;\"><\/span>\t\t\t\t\t<div class=\"description\">L\u00ednea Beber<\/div>\n\t\t\t\t\t\t\t<\/div>\n\t\t\t\n\t\t\t\t\t<\/div>\n\t\t\n\t\t\n\t\t\t\t\n\t\t<a href=\"https:\/\/vidrierasantos.com\/es\/product-category\/linea-beber\/\" class=\"term-link\"><\/a>\n\t\t\n\t<\/div>\n\n<\/section><\/div>\t\t\t\t<\/div>\n\t\t\t<\/div>\n\t\t\t\t<\/div>\n\t\t\t\t<\/div>\n\t\t\t\t\t<\/div>\n\t\t<\/div>\n\t\t\t\t<div class=\"elementor-column elementor-col-25 elementor-top-column elementor-element elementor-element-12ce4ff\" data-id=\"12ce4ff\" data-element_type=\"column\">\n\t\t\t<div class=\"elementor-widget-wrap elementor-element-populated\">\n\t\t\t\t\t\t<div class=\"elementor-element elementor-element-272a415 ini-linea-ins elementor-widget elementor-widget-ts-product-categories\" data-id=\"272a415\" data-element_type=\"widget\" data-widget_type=\"ts-product-categories.default\">\n\t\t\t\t<div class=\"elementor-widget-container\">\n\t\t\t\t\t\t<div class=\"ts-product-category-wrapper ts-product ts-shortcode woocommerce columns-1 grid\" >\n\t\t\t\n\t\t\t\t\t\t\t\t\n\t\t\t\t<div class=\"content-wrapper \">\n\t\t\t\t\t<div class=\"products\"><section class=\"product-category product first\">\n\t\n\t<div class=\"product-wrapper\">\n\n\t\t\t\t\n\t\t<a href=\"https:\/\/vidrierasantos.com\/es\/product-category\/linea-coolers-y-mas\/\">\n\t\t\t<img decoding=\"async\" src=\"https:\/\/vidrierasantos.com\/es\/wp-content\/uploads\/2023\/06\/cat3.jpg\" alt=\"L\u00ednea Coolers &amp; M\u00e1s\" width=\"600\" height=\"600\" srcset=\"https:\/\/vidrierasantos.com\/es\/wp-content\/uploads\/2023\/06\/cat3.jpg 564w, https:\/\/vidrierasantos.com\/es\/wp-content\/uploads\/2023\/06\/cat3-240x300.jpg 240w, https:\/\/vidrierasantos.com\/es\/wp-content\/uploads\/2023\/06\/cat3-72x90.jpg 72w\" sizes=\"(max-width: 564px) 100vw, 564px\" \/>\t\t<\/a>\n\t\t\n\t\t<div class=\"meta-wrapper\">\n\t\t\t<div class=\"category-name\">\n                <span class=\"count\" style=\"border-top: 7px solid #3dae48;width:50% !important;\"><\/span>\t\t\t\t\t<div class=\"description\">L\u00ednea Coolers &amp; M\u00e1s<\/div>\n\t\t\t\t\t\t\t<\/div>\n\t\t\t\n\t\t\t\t\t<\/div>\n\t\t\n\t\t\n\t\t\t\t\n\t\t<a href=\"https:\/\/vidrierasantos.com\/es\/product-category\/linea-coolers-y-mas\/\" class=\"term-link\"><\/a>\n\t\t\n\t<\/div>\n\n<\/section><\/div>\t\t\t\t<\/div>\n\t\t\t<\/div>\n\t\t\t\t<\/div>\n\t\t\t\t<\/div>\n\t\t\t\t\t<\/div>\n\t\t<\/div>\n\t\t\t\t<div class=\"elementor-column elementor-col-25 elementor-top-column elementor-element elementor-element-9692cd3\" data-id=\"9692cd3\" data-element_type=\"column\">\n\t\t\t<div class=\"elementor-widget-wrap elementor-element-populated\">\n\t\t\t\t\t\t<div class=\"elementor-element elementor-element-b30bafe ini-linea-ins elementor-widget elementor-widget-ts-product-categories\" data-id=\"b30bafe\" data-element_type=\"widget\" data-widget_type=\"ts-product-categories.default\">\n\t\t\t\t<div class=\"elementor-widget-container\">\n\t\t\t\t\t\t<div class=\"ts-product-category-wrapper ts-product ts-shortcode woocommerce columns-1 grid\" >\n\t\t\t\n\t\t\t\t\t\t\t\t\n\t\t\t\t<div class=\"content-wrapper \">\n\t\t\t\t\t<div class=\"products\"><section class=\"product-category product first\">\n\t\n\t<div class=\"product-wrapper\">\n\n\t\t\t\t\n\t\t<a href=\"https:\/\/vidrierasantos.com\/es\/product-category\/linea-bar\/\">\n\t\t\t<img decoding=\"async\" src=\"https:\/\/vidrierasantos.com\/es\/wp-content\/uploads\/2023\/06\/cat4.jpg\" alt=\"L\u00ednea Bar\" width=\"600\" height=\"600\" srcset=\"https:\/\/vidrierasantos.com\/es\/wp-content\/uploads\/2023\/06\/cat4.jpg 564w, https:\/\/vidrierasantos.com\/es\/wp-content\/uploads\/2023\/06\/cat4-240x300.jpg 240w, https:\/\/vidrierasantos.com\/es\/wp-content\/uploads\/2023\/06\/cat4-72x90.jpg 72w\" sizes=\"(max-width: 564px) 100vw, 564px\" \/>\t\t<\/a>\n\t\t\n\t\t<div class=\"meta-wrapper\">\n\t\t\t<div class=\"category-name\">\n                <span class=\"count\" style=\"border-top: 7px solid #3dae48;width:50% !important;\"><\/span>\t\t\t\t\t<div class=\"description\">L\u00ednea Bar<\/div>\n\t\t\t\t\t\t\t<\/div>\n\t\t\t\n\t\t\t\t\t<\/div>\n\t\t\n\t\t\n\t\t\t\t\n\t\t<a href=\"https:\/\/vidrierasantos.com\/es\/product-category\/linea-bar\/\" class=\"term-link\"><\/a>\n\t\t\n\t<\/div>\n\n<\/section><\/div>\t\t\t\t<\/div>\n\t\t\t<\/div>\n\t\t\t\t<\/div>\n\t\t\t\t<\/div>\n\t\t\t\t\t<\/div>\n\t\t<\/div>\n\t\t\t\t<div class=\"elementor-column elementor-col-25 elementor-top-column elementor-element elementor-element-61c5ffa\" data-id=\"61c5ffa\" data-element_type=\"column\">\n\t\t\t<div class=\"elementor-widget-wrap elementor-element-populated\">\n\t\t\t\t\t\t<div class=\"elementor-element elementor-element-80b2624 ini-linea-ins elementor-widget elementor-widget-ts-product-categories\" data-id=\"80b2624\" data-element_type=\"widget\" data-widget_type=\"ts-product-categories.default\">\n\t\t\t\t<div class=\"elementor-widget-container\">\n\t\t\t\t\t\t<div class=\"ts-product-category-wrapper ts-product ts-shortcode woocommerce columns-1 grid\" >\n\t\t\t\n\t\t\t\t\t\t\t\t\n\t\t\t\t<div class=\"content-wrapper \">\n\t\t\t\t\t<div class=\"products\"><section class=\"product-category product first\">\n\t\n\t<div class=\"product-wrapper\">\n\n\t\t\t\t\n\t\t<a href=\"https:\/\/vidrierasantos.com\/es\/product-category\/linea-vajillas\/\">\n\t\t\t<img loading=\"lazy\" decoding=\"async\" src=\"https:\/\/vidrierasantos.com\/es\/wp-content\/uploads\/2023\/06\/cat5.jpg\" alt=\"L\u00ednea Vajillas\" width=\"600\" height=\"600\" srcset=\"https:\/\/vidrierasantos.com\/es\/wp-content\/uploads\/2023\/06\/cat5.jpg 564w, https:\/\/vidrierasantos.com\/es\/wp-content\/uploads\/2023\/06\/cat5-240x300.jpg 240w, https:\/\/vidrierasantos.com\/es\/wp-content\/uploads\/2023\/06\/cat5-72x90.jpg 72w\" sizes=\"(max-width: 564px) 100vw, 564px\" \/>\t\t<\/a>\n\t\t\n\t\t<div class=\"meta-wrapper\">\n\t\t\t<div class=\"category-name\">\n                <span class=\"count\" style=\"border-top: 7px solid #3dae48;width:50% !important;\"><\/span>\t\t\t\t\t<div class=\"description\">L\u00ednea Vajillas<\/div>\n\t\t\t\t\t\t\t<\/div>\n\t\t\t\n\t\t\t\t\t<\/div>\n\t\t\n\t\t\n\t\t\t\t\n\t\t<a href=\"https:\/\/vidrierasantos.com\/es\/product-category\/linea-vajillas\/\" class=\"term-link\"><\/a>\n\t\t\n\t<\/div>\n\n<\/section><\/div>\t\t\t\t<\/div>\n\t\t\t<\/div>\n\t\t\t\t<\/div>\n\t\t\t\t<\/div>\n\t\t\t\t\t<\/div>\n\t\t<\/div>\n\t\t\t\t\t<\/div>\n\t\t<\/div>\n\t\t\t\t<div class=\"elementor-section elementor-top-section elementor-element elementor-element-e928b8b elementor-section-stretched elementor-section-boxed elementor-section-height-default elementor-section-height-default\" data-id=\"e928b8b\" data-element_type=\"section\" data-settings=\"{&quot;stretch_section&quot;:&quot;section-stretched&quot;}\">\n\t\t\t\t\t\t<div class=\"elementor-container elementor-column-gap-wider\">\n\t\t\t\t\t<div class=\"elementor-column elementor-col-25 elementor-top-column elementor-element elementor-element-4f45e34 elementor-invisible\" data-id=\"4f45e34\" data-element_type=\"column\" data-settings=\"{&quot;animation&quot;:&quot;fadeIn&quot;,&quot;animation_delay&quot;:100}\">\n\t\t\t<div class=\"elementor-widget-wrap elementor-element-populated\">\n\t\t\t\t\t\t<div class=\"elementor-element elementor-element-289073d ini-linea-ins elementor-widget elementor-widget-ts-product-categories\" data-id=\"289073d\" data-element_type=\"widget\" data-widget_type=\"ts-product-categories.default\">\n\t\t\t\t<div class=\"elementor-widget-container\">\n\t\t\t\t\t\t<div class=\"ts-product-category-wrapper ts-product ts-shortcode woocommerce columns-1 grid\" >\n\t\t\t\n\t\t\t\t\t\t\t\t\n\t\t\t\t<div class=\"content-wrapper \">\n\t\t\t\t\t<div class=\"products\"><section class=\"product-category product first\">\n\t\n\t<div class=\"product-wrapper\">\n\n\t\t\t\t\n\t\t<a href=\"https:\/\/vidrierasantos.com\/es\/product-category\/linea-servicio\/\">\n\t\t\t<img loading=\"lazy\" decoding=\"async\" src=\"https:\/\/vidrierasantos.com\/es\/wp-content\/uploads\/2023\/06\/cat6.jpg\" alt=\"L\u00ednea Servicio\" width=\"600\" height=\"600\" srcset=\"https:\/\/vidrierasantos.com\/es\/wp-content\/uploads\/2023\/06\/cat6.jpg 560w, https:\/\/vidrierasantos.com\/es\/wp-content\/uploads\/2023\/06\/cat6-239x300.jpg 239w, https:\/\/vidrierasantos.com\/es\/wp-content\/uploads\/2023\/06\/cat6-72x90.jpg 72w\" sizes=\"(max-width: 560px) 100vw, 560px\" \/>\t\t<\/a>\n\t\t\n\t\t<div class=\"meta-wrapper\">\n\t\t\t<div class=\"category-name\">\n                <span class=\"count\" style=\"border-top: 7px solid #3dae48;width:50% !important;\"><\/span>\t\t\t\t\t<div class=\"description\">L\u00ednea Servicio<\/div>\n\t\t\t\t\t\t\t<\/div>\n\t\t\t\n\t\t\t\t\t<\/div>\n\t\t\n\t\t\n\t\t\t\t\n\t\t<a href=\"https:\/\/vidrierasantos.com\/es\/product-category\/linea-servicio\/\" class=\"term-link\"><\/a>\n\t\t\n\t<\/div>\n\n<\/section><\/div>\t\t\t\t<\/div>\n\t\t\t<\/div>\n\t\t\t\t<\/div>\n\t\t\t\t<\/div>\n\t\t\t\t\t<\/div>\n\t\t<\/div>\n\t\t\t\t<div class=\"elementor-column elementor-col-25 elementor-top-column elementor-element elementor-element-e0b3cc5\" data-id=\"e0b3cc5\" data-element_type=\"column\">\n\t\t\t<div class=\"elementor-widget-wrap elementor-element-populated\">\n\t\t\t\t\t\t<div class=\"elementor-element elementor-element-1ad03db ini-linea-ins elementor-widget elementor-widget-ts-product-categories\" data-id=\"1ad03db\" data-element_type=\"widget\" data-widget_type=\"ts-product-categories.default\">\n\t\t\t\t<div class=\"elementor-widget-container\">\n\t\t\t\t\t\t<div class=\"ts-product-category-wrapper ts-product ts-shortcode woocommerce columns-1 grid\" >\n\t\t\t\n\t\t\t\t\t\t\t\t\n\t\t\t\t<div class=\"content-wrapper \">\n\t\t\t\t\t<div class=\"products\"><section class=\"product-category product first\">\n\t\n\t<div class=\"product-wrapper\">\n\n\t\t\t\t\n\t\t<a href=\"https:\/\/vidrierasantos.com\/es\/product-category\/linea-fuente-de-sodas\/\">\n\t\t\t<img loading=\"lazy\" decoding=\"async\" src=\"https:\/\/vidrierasantos.com\/es\/wp-content\/uploads\/2023\/06\/cat7.jpg\" alt=\"L\u00ednea Fuente de Sodas\" width=\"600\" height=\"600\" srcset=\"https:\/\/vidrierasantos.com\/es\/wp-content\/uploads\/2023\/06\/cat7.jpg 564w, https:\/\/vidrierasantos.com\/es\/wp-content\/uploads\/2023\/06\/cat7-240x300.jpg 240w, https:\/\/vidrierasantos.com\/es\/wp-content\/uploads\/2023\/06\/cat7-72x90.jpg 72w\" sizes=\"(max-width: 564px) 100vw, 564px\" \/>\t\t<\/a>\n\t\t\n\t\t<div class=\"meta-wrapper\">\n\t\t\t<div class=\"category-name\">\n                <span class=\"count\" style=\"border-top: 7px solid #3dae48;width:50% !important;\"><\/span>\t\t\t\t\t<div class=\"description\">L\u00ednea Fuente de Sodas<\/div>\n\t\t\t\t\t\t\t<\/div>\n\t\t\t\n\t\t\t\t\t<\/div>\n\t\t\n\t\t\n\t\t\t\t\n\t\t<a href=\"https:\/\/vidrierasantos.com\/es\/product-category\/linea-fuente-de-sodas\/\" class=\"term-link\"><\/a>\n\t\t\n\t<\/div>\n\n<\/section><\/div>\t\t\t\t<\/div>\n\t\t\t<\/div>\n\t\t\t\t<\/div>\n\t\t\t\t<\/div>\n\t\t\t\t\t<\/div>\n\t\t<\/div>\n\t\t\t\t<div class=\"elementor-column elementor-col-25 elementor-top-column elementor-element elementor-element-ec359aa\" data-id=\"ec359aa\" data-element_type=\"column\">\n\t\t\t<div class=\"elementor-widget-wrap elementor-element-populated\">\n\t\t\t\t\t\t<div class=\"elementor-element elementor-element-a3628d2 ini-linea-ins elementor-widget elementor-widget-ts-product-categories\" data-id=\"a3628d2\" data-element_type=\"widget\" data-widget_type=\"ts-product-categories.default\">\n\t\t\t\t<div class=\"elementor-widget-container\">\n\t\t\t\t\t\t<div class=\"ts-product-category-wrapper ts-product ts-shortcode woocommerce columns-1 grid\" >\n\t\t\t\n\t\t\t\t\t\t\t\t\n\t\t\t\t<div class=\"content-wrapper \">\n\t\t\t\t\t<div class=\"products\"><section class=\"product-category product first\">\n\t\n\t<div class=\"product-wrapper\">\n\n\t\t\t\t\n\t\t<a href=\"https:\/\/vidrierasantos.com\/es\/product-category\/linea-veladorista\/\">\n\t\t\t<img loading=\"lazy\" decoding=\"async\" src=\"https:\/\/vidrierasantos.com\/es\/wp-content\/uploads\/2023\/06\/cat8.jpg\" alt=\"L\u00ednea Veladorista\" width=\"600\" height=\"600\" srcset=\"https:\/\/vidrierasantos.com\/es\/wp-content\/uploads\/2023\/06\/cat8.jpg 556w, https:\/\/vidrierasantos.com\/es\/wp-content\/uploads\/2023\/06\/cat8-238x300.jpg 238w, https:\/\/vidrierasantos.com\/es\/wp-content\/uploads\/2023\/06\/cat8-71x90.jpg 71w\" sizes=\"(max-width: 556px) 100vw, 556px\" \/>\t\t<\/a>\n\t\t\n\t\t<div class=\"meta-wrapper\">\n\t\t\t<div class=\"category-name\">\n                <span class=\"count\" style=\"border-top: 7px solid #3dae48;width:50% !important;\"><\/span>\t\t\t\t\t<div class=\"description\">L\u00ednea Veladorista<\/div>\n\t\t\t\t\t\t\t<\/div>\n\t\t\t\n\t\t\t\t\t<\/div>\n\t\t\n\t\t\n\t\t\t\t\n\t\t<a href=\"https:\/\/vidrierasantos.com\/es\/product-category\/linea-veladorista\/\" class=\"term-link\"><\/a>\n\t\t\n\t<\/div>\n\n<\/section><\/div>\t\t\t\t<\/div>\n\t\t\t<\/div>\n\t\t\t\t<\/div>\n\t\t\t\t<\/div>\n\t\t\t\t\t<\/div>\n\t\t<\/div>\n\t\t\t\t<div class=\"elementor-column elementor-col-25 elementor-top-column elementor-element elementor-element-2cb06db\" data-id=\"2cb06db\" data-element_type=\"column\">\n\t\t\t<div class=\"elementor-widget-wrap elementor-element-populated\">\n\t\t\t\t\t\t<div class=\"elementor-element elementor-element-81767e0 elementor-widget elementor-widget-image\" data-id=\"81767e0\" data-element_type=\"widget\" data-widget_type=\"image.default\">\n\t\t\t\t<div class=\"elementor-widget-container\">\n\t\t\t<style>\/*! elementor - v3.19.0 - 26-02-2024 *\/\n.elementor-widget-image{text-align:center}.elementor-widget-image a{display:inline-block}.elementor-widget-image a img[src$=\".svg\"]{width:48px}.elementor-widget-image img{vertical-align:middle;display:inline-block}<\/style>\t\t\t\t\t\t\t\t\t\t<img loading=\"lazy\" decoding=\"async\" width=\"433\" height=\"528\" src=\"https:\/\/vidrierasantos.com\/es\/wp-content\/uploads\/2024\/03\/vs_catalogos.png\" class=\"attachment-large size-large wp-image-7616\" alt=\"\" srcset=\"https:\/\/vidrierasantos.com\/es\/wp-content\/uploads\/2024\/03\/vs_catalogos.png 433w, https:\/\/vidrierasantos.com\/es\/wp-content\/uploads\/2024\/03\/vs_catalogos-246x300.png 246w, https:\/\/vidrierasantos.com\/es\/wp-content\/uploads\/2024\/03\/vs_catalogos-74x90.png 74w\" sizes=\"(max-width: 433px) 100vw, 433px\" \/>\t\t\t\t\t\t\t\t\t\t\t\t\t<\/div>\n\t\t\t\t<\/div>\n\t\t\t\t\t<\/div>\n\t\t<\/div>\n\t\t\t\t\t<\/div>\n\t\t<\/div>\n\t\t\t\t<\/div>\n\t\t","protected":false},"excerpt":{"rendered":"<p>L\u00ednea Beber L\u00ednea Coolers &amp; M\u00e1s L\u00ednea Bar L\u00ednea Vajillas L\u00ednea Servicio L\u00ednea Fuente de Sodas L\u00ednea Veladorista<\/p>\n","protected":false},"author":1,"featured_media":0,"parent":0,"menu_order":0,"comment_status":"closed","ping_status":"closed","template":"","meta":{"footnotes":""},"class_list":["post-6590","page","type-page","status-publish","hentry"],"_links":{"self":[{"href":"https:\/\/vidrierasantos.com\/es\/wp-json\/wp\/v2\/pages\/6590","targetHints":{"allow":["GET"]}}],"collection":[{"href":"https:\/\/vidrierasantos.com\/es\/wp-json\/wp\/v2\/pages"}],"about":[{"href":"https:\/\/vidrierasantos.com\/es\/wp-json\/wp\/v2\/types\/page"}],"author":[{"embeddable":true,"href":"https:\/\/vidrierasantos.com\/es\/wp-json\/wp\/v2\/users\/1"}],"replies":[{"embeddable":true,"href":"https:\/\/vidrierasantos.com\/es\/wp-json\/wp\/v2\/comments?post=6590"}],"version-history":[{"count":14,"href":"https:\/\/vidrierasantos.com\/es\/wp-json\/wp\/v2\/pages\/6590\/revisions"}],"predecessor-version":[{"id":7623,"href":"https:\/\/vidrierasantos.com\/es\/wp-json\/wp\/v2\/pages\/6590\/revisions\/7623"}],"wp:attachment":[{"href":"https:\/\/vidrierasantos.com\/es\/wp-json\/wp\/v2\/media?parent=6590"}],"curies":[{"name":"wp","href":"https:\/\/api.w.org\/{rel}","templated":true}]}}